{"id":32,"date":"2025-10-23T14:09:15","date_gmt":"2025-10-23T14:09:15","guid":{"rendered":"https:\/\/pawway.org\/about\/"},"modified":"2025-11-10T18:12:20","modified_gmt":"2025-11-10T18:12:20","slug":"about","status":"publish","type":"page","link":"https:\/\/pawway.org\/et\/about\/","title":{"rendered":"Meist"},"content":{"rendered":"<div class=\"wp-block-group alignfull has-background-background-color has-background has-global-padding is-layout-constrained wp-container-core-group-is-layout-7276a2bb wp-block-group-is-layout-constrained\" id=\"about\" style=\"margin-top:0;margin-bottom:0;padding-top:var(--wp--preset--spacing--60);padding-right:var(--wp--preset--spacing--30);padding-bottom:var(--wp--preset--spacing--60);padding-left:var(--wp--preset--spacing--30)\">\n<div class=\"wp-block-columns alignwide is-layout-flex wp-container-core-columns-is-layout-47c06fe3 wp-block-columns-is-layout-flex\">\n<div class=\"wp-block-column is-layout-flow wp-container-core-column-is-layout-119bc444 wp-block-column-is-layout-flow\" style=\"flex-basis:60%\">\n<h2 class=\"wp-block-heading\">Meist l\u00e4hemalt<\/h2>\n\n\n\n<p class=\"has-medium-font-size\" style=\"margin-top:16px\"><strong>PawWay MT\u00dc on Eestis tegutsev organisatsioon, mis pakub kassidele ja koertele turvalist ning usaldusv\u00e4\u00e4rset maismaatransporti Euroopa Liidu piires.<\/strong><br>Me keskendume professionaalsele ja v\u00f5imalikult stressivabale protsessile, et aidata peredel ja varjupaikadel loomi turvaliselt ja mugavalt transportida.<\/p>\n\n\n\n<p class=\"has-medium-font-size\" style=\"margin-top:16px\">Lisaks transpordile toetab PawWay <strong>loomade heaolu ja kogukonna abiprojekte<\/strong> aidates v\u00e4iksemate v\u00f5imalustega varjupaiku annetuste, rahakogumiste ning steriliseerimis- ja kastreerimisalgatuste toetamisega.<br>Meie eesm\u00e4rk on muuta loomade eest hoolitsemine ja vastutustundlik loomatransport paremini k\u00e4ttesaadavaks.<\/p>\n<\/div>\n\n\n\n<div class=\"wp-block-column is-vertically-aligned-top is-layout-flow wp-container-core-column-is-layout-f5bb311e wp-block-column-is-layout-flow\" style=\"flex-basis:50%\"><\/div>\n<\/div>\n\n\n\n<div class=\"wp-block-cover alignwide\" style=\"border-radius:1.5rem;min-height:30vh;aspect-ratio:unset;\"><img loading=\"lazy\" decoding=\"async\" width=\"1080\" height=\"1440\" class=\"wp-block-cover__image-background wp-image-70\" alt=\"\" src=\"https:\/\/pawway.org\/wp-content\/uploads\/2025\/10\/d45fe8bfae4895456e56544961b8062c3ef45b32.jpg\" data-object-fit=\"cover\" srcset=\"https:\/\/pawway.org\/wp-content\/uploads\/2025\/10\/d45fe8bfae4895456e56544961b8062c3ef45b32.jpg 1080w, https:\/\/pawway.org\/wp-content\/uploads\/2025\/10\/d45fe8bfae4895456e56544961b8062c3ef45b32-600x800.jpg 600w, https:\/\/pawway.org\/wp-content\/uploads\/2025\/10\/d45fe8bfae4895456e56544961b8062c3ef45b32-225x300.jpg 225w, https:\/\/pawway.org\/wp-content\/uploads\/2025\/10\/d45fe8bfae4895456e56544961b8062c3ef45b32-768x1024.jpg 768w\" sizes=\"auto, (max-width: 1080px) 100vw, 1080px\" \/><span aria-hidden=\"true\" class=\"wp-block-cover__background has-background-dim-0 has-background-dim\"><\/span><div class=\"wp-block-cover__inner-container is-layout-flow wp-block-cover-is-layout-flow\">\n<div style=\"height:100px\" aria-hidden=\"true\" class=\"wp-block-spacer\"><\/div>\n\n\n<\/div><\/div>\n<\/div>\n\n\n\n<div class=\"wp-block-group alignfull has-tertiary-background-color has-background has-global-padding is-layout-constrained wp-container-core-group-is-layout-12c5e928 wp-block-group-is-layout-constrained\" style=\"margin-top:0;margin-bottom:0;padding-top:var(--wp--preset--spacing--60);padding-right:var(--wp--preset--spacing--30);padding-bottom:var(--wp--preset--spacing--60);padding-left:var(--wp--preset--spacing--30)\">\n<div class=\"wp-block-columns alignwide is-layout-flex wp-container-core-columns-is-layout-08c01c1c wp-block-columns-is-layout-flex\">\n<div class=\"wp-block-column is-layout-flow wp-block-column-is-layout-flow\">\n<h2 class=\"wp-block-heading\"><strong>Meie ettev\u00f5tmised<\/strong><\/h2>\n\n\n\n<ul class=\"wp-block-list\">\n<li><strong>Professionaalne loomatransport Euroopa Liidus<\/strong><br>Turvaline, mugav ja h\u00e4sti korraldatud maismaatransport kassidele ja koertele \u2014 peredele ja loomade varjupaikadele Euroopa Liidus.<\/li>\n\n\n\n<li><strong>Loomade heaolu toetamine<\/strong><br>Me kogume annetusi ja toetame j\u00f5udum\u00f6\u00f6da eelk\u00f5ige steriliseerimis- ning kastreerimiskampaaniaid piirkondades kus inimestel pole selleks vahendeid.<br>T\u00e4psemalt selle kohta, kuidas PawWay MT\u00dc tagab l\u00e4bipaistva tegutsemise k\u00f5igis oma annetuskampaaniates, loe <a href=\"https:\/\/pawway.org\/et\/transparency-policy\/\" title=\"\">kampaaniate l\u00e4bipaistvuse p\u00f5him\u00f5tetega<\/a><\/li>\n\n\n\n<li><strong>Kogukonna abiprojektid<\/strong><br>Heategevus\u00fcrituste ja meie heategevuspoe kaudu aitame parandada loomade elutingimusi ning tugevdada varjupaikadevahelist koost\u00f6\u00f6d.<\/li>\n<\/ul>\n<\/div>\n<\/div>\n\n\n\n<div class=\"wp-block-cover alignwide\" style=\"border-radius:1rem;min-height:430px;aspect-ratio:unset;\"><img loading=\"lazy\" decoding=\"async\" width=\"851\" height=\"315\" class=\"wp-block-cover__image-background wp-image-155 size-full\" alt=\"\" src=\"https:\/\/pawway.org\/wp-content\/uploads\/2025\/10\/Black-Neutral-Trendy-Modern-Vintage-Photo-Collage-Fashion-Facebook-Cover.jpg\" data-object-fit=\"cover\" srcset=\"https:\/\/pawway.org\/wp-content\/uploads\/2025\/10\/Black-Neutral-Trendy-Modern-Vintage-Photo-Collage-Fashion-Facebook-Cover.jpg 851w, https:\/\/pawway.org\/wp-content\/uploads\/2025\/10\/Black-Neutral-Trendy-Modern-Vintage-Photo-Collage-Fashion-Facebook-Cover-600x222.jpg 600w, https:\/\/pawway.org\/wp-content\/uploads\/2025\/10\/Black-Neutral-Trendy-Modern-Vintage-Photo-Collage-Fashion-Facebook-Cover-300x111.jpg 300w, https:\/\/pawway.org\/wp-content\/uploads\/2025\/10\/Black-Neutral-Trendy-Modern-Vintage-Photo-Collage-Fashion-Facebook-Cover-768x284.jpg 768w\" sizes=\"auto, (max-width: 851px) 100vw, 851px\" \/><span aria-hidden=\"true\" class=\"wp-block-cover__background has-background-dim-0 has-background-dim\" style=\"background-color:#8e7b67\"><\/span><div class=\"wp-block-cover__inner-container is-layout-flow wp-block-cover-is-layout-flow\">\n<div style=\"height:380px\" aria-hidden=\"true\" class=\"wp-block-spacer\"><\/div>\n<\/div><\/div>\n<\/div>\n\n\n\n<div class=\"wp-block-group alignfull has-background-background-color has-background has-global-padding is-layout-constrained wp-container-core-group-is-layout-7276a2bb wp-block-group-is-layout-constrained\" id=\"team\" style=\"margin-top:0;margin-bottom:0;padding-top:var(--wp--preset--spacing--60);padding-right:var(--wp--preset--spacing--30);padding-bottom:var(--wp--preset--spacing--60);padding-left:var(--wp--preset--spacing--30)\">\n<div class=\"wp-block-group alignwide is-vertical is-layout-flex wp-container-core-group-is-layout-fe9cc265 wp-block-group-is-layout-flex\">\n<div class=\"wp-block-group alignwide has-global-padding is-content-justification-left is-layout-constrained wp-container-core-group-is-layout-8b4c372c wp-block-group-is-layout-constrained\">\n<h2 class=\"wp-block-heading\" id=\"thats-us\" style=\"margin-top:12px\">Siin me oleme<\/h2>\n\n\n\n<p class=\"has-medium-font-size\" style=\"margin-top:16px\">Tutvu PawWay MT\u00dc lemmikloomade transpordi  v\u00e4ikese, kuid tegusa meeskonnaga.<\/p>\n\n\n\n<p class=\"has-medium-font-size\" style=\"margin-top:16px\"><\/p>\n<\/div>\n<\/div>\n\n\n\n<div class=\"wp-block-columns alignwide is-layout-flex wp-container-core-columns-is-layout-28f84493 wp-block-columns-is-layout-flex\">\n<div class=\"wp-block-column is-layout-flow wp-container-core-column-is-layout-f5bb311e wp-block-column-is-layout-flow\">\n<div class=\"wp-block-columns has-tertiary-background-color has-background is-layout-flex wp-container-core-columns-is-layout-d47a2335 wp-block-columns-is-layout-flex\" style=\"border-radius:1.5rem;padding-top:1.5rem;padding-right:1.5rem;padding-bottom:1.5rem;padding-left:1.5rem\">\n<div class=\"wp-block-column is-layout-flow wp-block-column-is-layout-flow\" style=\"flex-basis:40%\">\n<figure class=\"wp-block-image size-full has-custom-border is-style-default\"><img loading=\"lazy\" decoding=\"async\" width=\"441\" height=\"376\" src=\"https:\/\/pawway.org\/wp-content\/uploads\/2025\/10\/dogwalking.jpeg\" alt=\"Walking the dogs during the transport. \" class=\"wp-image-68\" style=\"border-radius:1.5rem;aspect-ratio:1;object-fit:cover\" srcset=\"https:\/\/pawway.org\/wp-content\/uploads\/2025\/10\/dogwalking.jpeg 441w, https:\/\/pawway.org\/wp-content\/uploads\/2025\/10\/dogwalking-300x256.jpeg 300w\" sizes=\"auto, (max-width: 441px) 100vw, 441px\" \/><\/figure>\n<\/div>\n\n\n\n<div class=\"wp-block-column is-layout-flow wp-block-column-is-layout-flow\" style=\"padding-top:var(--wp--preset--spacing--20);padding-bottom:var(--wp--preset--spacing--20)\">\n<h4 class=\"wp-block-heading\" style=\"font-size:clamp(15.747px, 0.984rem + ((1vw - 3.2px) * 0.86), 24px);\">Edith<\/h4>\n\n\n\n<p class=\"has-primary-color has-text-color has-small-font-size\" style=\"margin-top:4px\">Transpordi peakoordinaator (rahvakeeli autojuht)<\/p>\n\n\n\n<p>Mina olen Edith - see, kes vastutab nii juhtimise <em>ja <\/em>kui ka paberimajanduse eest, et iga kass ja koer j\u00f5uaks sihtkohta turvaliselt ja mugavalt.<br>Teel olles hoolitsem k\u00f5ige eest alates navigeerimisest kuni toidu-joogi ja jalutuspuhkuste ning kaisupausini.<br>Veekausid t\u00e4idetud, k\u00f5hud t\u00e4is, kastid puhtad ja sabad r\u00f5\u00f5msalt liputamas \u2013 just see on eesm\u00e4rk.<\/p>\n<\/div>\n<\/div>\n<\/div>\n\n\n\n<div class=\"wp-block-column is-layout-flow wp-container-core-column-is-layout-f5bb311e wp-block-column-is-layout-flow\">\n<div class=\"wp-block-columns has-tertiary-background-color has-background is-layout-flex wp-container-core-columns-is-layout-d47a2335 wp-block-columns-is-layout-flex\" style=\"border-radius:1.5rem;padding-top:1.5rem;padding-right:1.5rem;padding-bottom:1.5rem;padding-left:1.5rem\">\n<div class=\"wp-block-column is-layout-flow wp-block-column-is-layout-flow\" style=\"flex-basis:40%\">\n<figure class=\"wp-block-image size-large has-custom-border is-style-default\"><img loading=\"lazy\" decoding=\"async\" width=\"923\" height=\"1024\" src=\"https:\/\/pawway.org\/wp-content\/uploads\/2025\/10\/1000020043-scaled-e1761233873879-923x1024.jpg\" alt=\"International pet transport is how Kallisto arrived to Estonia\" class=\"wp-image-67\" style=\"border-radius:1.5rem;aspect-ratio:1;object-fit:cover\" srcset=\"https:\/\/pawway.org\/wp-content\/uploads\/2025\/10\/1000020043-scaled-e1761233873879-923x1024.jpg 923w, https:\/\/pawway.org\/wp-content\/uploads\/2025\/10\/1000020043-scaled-e1761233873879-600x666.jpg 600w, https:\/\/pawway.org\/wp-content\/uploads\/2025\/10\/1000020043-scaled-e1761233873879-270x300.jpg 270w, https:\/\/pawway.org\/wp-content\/uploads\/2025\/10\/1000020043-scaled-e1761233873879-768x852.jpg 768w, https:\/\/pawway.org\/wp-content\/uploads\/2025\/10\/1000020043-scaled-e1761233873879.jpg 1015w\" sizes=\"auto, (max-width: 923px) 100vw, 923px\" \/><\/figure>\n<\/div>\n\n\n\n<div class=\"wp-block-column is-layout-flow wp-block-column-is-layout-flow\" style=\"padding-top:var(--wp--preset--spacing--20);padding-bottom:var(--wp--preset--spacing--20)\">\n<h4 class=\"wp-block-heading has-text-align-left\" style=\"font-size:clamp(15.747px, 0.984rem + ((1vw - 3.2px) * 0.86), 24px);\">Kallisto<\/h4>\n\n\n\n<p class=\"has-text-align-left has-primary-color has-text-color has-small-font-size\" style=\"margin-top:4px\">Kvaliteedijuht<\/p>\n\n\n\n<p class=\"has-small-font-size\" style=\"margin-top:12px\">Mina olen Kallisto, ja minu t\u00f6\u00f6 on tagada k\u00f5rgeim kvaliteet \u2013 eelk\u00f5ige toiduproovide tegemisel, uinakute mugavuse hindamisel ja moraalse toe pakkumisel.<br>Annan Edithile tagasisidet tema s\u00f5idu sujuvuse kohta (peamiselt n\u00e4oilmete kaudu) ning hoian teda kursis k\u00f5igi t\u00e4htsate koerauudistega.<\/p>\n<\/div>\n<\/div>\n<\/div>\n<\/div>\n<\/div>\n\n\n\n<p><strong>Soovid koost\u00f6\u00f6d teha v\u00f5i saada rohkem infot?<\/strong><br>Saada p\u00e4ringuvorm <a href=\"https:\/\/pawway.org\/et\/contact\/\" title=\"\">kontaktide lehel<\/a> v\u00f5i kirjuta <strong><a>info@pawway.com<\/a><\/strong><\/p>","protected":false},"excerpt":{"rendered":"<p>About PawWay NGO PawWay NGO is an Estonia-based organisation providing secure, reliable land transport for cats and dogs within the European Union.We focus on professional, low-stress pet transport that helps families and animal shelters move animals safely and comfortably across Europe. In addition to transport, PawWay supports animal welfare and community aid projects \u2014 helping [&hellip;]<\/p>\n","protected":false},"author":1,"featured_media":0,"parent":0,"menu_order":0,"comment_status":"closed","ping_status":"closed","template":"page-with-title","meta":{"_acf_changed":false,"give_campaign_id":0,"om_disable_all_campaigns":false,"_monsterinsights_skip_tracking":false,"_monsterinsights_sitenote_active":false,"_monsterinsights_sitenote_note":"","_monsterinsights_sitenote_category":0,"footnotes":""},"class_list":["post-32","page","type-page","status-publish","hentry"],"acf":[],"aioseo_notices":[],"campaignId":"","jetpack_sharing_enabled":true,"_links":{"self":[{"href":"https:\/\/pawway.org\/et\/wp-json\/wp\/v2\/pages\/32","targetHints":{"allow":["GET"]}}],"collection":[{"href":"https:\/\/pawway.org\/et\/wp-json\/wp\/v2\/pages"}],"about":[{"href":"https:\/\/pawway.org\/et\/wp-json\/wp\/v2\/types\/page"}],"author":[{"embeddable":true,"href":"https:\/\/pawway.org\/et\/wp-json\/wp\/v2\/users\/1"}],"replies":[{"embeddable":true,"href":"https:\/\/pawway.org\/et\/wp-json\/wp\/v2\/comments?post=32"}],"version-history":[{"count":28,"href":"https:\/\/pawway.org\/et\/wp-json\/wp\/v2\/pages\/32\/revisions"}],"predecessor-version":[{"id":498,"href":"https:\/\/pawway.org\/et\/wp-json\/wp\/v2\/pages\/32\/revisions\/498"}],"wp:attachment":[{"href":"https:\/\/pawway.org\/et\/wp-json\/wp\/v2\/media?parent=32"}],"curies":[{"name":"wp","href":"https:\/\/api.w.org\/{rel}","templated":true}]}}