{"id":34,"date":"2025-10-23T14:09:17","date_gmt":"2025-10-23T14:09:17","guid":{"rendered":"https:\/\/pawway.org\/services\/"},"modified":"2025-11-10T18:18:35","modified_gmt":"2025-11-10T18:18:35","slug":"services","status":"publish","type":"page","link":"https:\/\/pawway.org\/et\/services\/","title":{"rendered":"Meie ettev\u00f5tmised"},"content":{"rendered":"<div class=\"wp-block-group alignfull has-background-background-color has-background has-global-padding is-layout-constrained wp-container-core-group-is-layout-12c5e928 wp-block-group-is-layout-constrained\" style=\"margin-top:0;margin-bottom:0;padding-top:var(--wp--preset--spacing--60);padding-right:var(--wp--preset--spacing--30);padding-bottom:var(--wp--preset--spacing--60);padding-left:var(--wp--preset--spacing--30)\">\n<div class=\"wp-block-columns alignwide is-layout-flex wp-container-core-columns-is-layout-08c01c1c wp-block-columns-is-layout-flex\">\n<div class=\"wp-block-column is-layout-flow wp-block-column-is-layout-flow\">\n<div class=\"wp-block-group alignwide has-global-padding is-content-justification-center is-layout-constrained wp-block-group-is-layout-constrained\">\n<h2 class=\"wp-block-heading has-large-font-size\">Meie Missioon<\/h2>\n\n\n\n<p style=\"margin-top:16px\">Oleme p\u00fchendunud turvaliste lemmikloomade transporditeenuste pakkumisele. Lisaks on PawWay MT\u00dc eesm\u00e4rk toetada kodutute ja varjupaigloomade heaolu parandamist Euroopas.<\/p>\n\n\n\n<p>Check out our Fundraising Shop: <\/p>\n\n\n\n<div class=\"wp-block-buttons is-layout-flex wp-block-buttons-is-layout-flex\">\n<div class=\"wp-block-button\"><a class=\"wp-block-button__link wp-element-button\" href=\"https:\/\/pawway.org\/et\/pood\/\">See More<\/a><\/div>\n<\/div>\n<\/div>\n<\/div>\n\n\n\n<div class=\"wp-block-column is-layout-flow wp-block-column-is-layout-flow\">\n<div class=\"wp-block-group is-nowrap is-layout-flex wp-container-core-group-is-layout-501511a6 wp-block-group-is-layout-flex\">\n<figure class=\"wp-block-image size-large ext-aspect-landscape wp-duotone-primary-foreground\"><img decoding=\"async\" src=\"data:image\/svg+xml;base64,PHN2ZyB4bWxucz0iaHR0cDovL3d3dy53My5vcmcvMjAwMC9zdmciIHdpZHRoPSI0OCIgaGVpZ2h0PSI0OCIgZmlsbD0ibm9uZSIgdmlld0JveD0iMCAwIDQ4IDQ4Ij48bWFzayBpZD0iYSIgd2lkdGg9IjQ4IiBoZWlnaHQ9IjQ4IiB4PSIwIiB5PSIwIiBtYXNrVW5pdHM9InVzZXJTcGFjZU9uVXNlIiBzdHlsZT0ibWFzay10eXBlOmFscGhhIj48cGF0aCBmaWxsPSIjRDlEOUQ5IiBkPSJNMCAwaDQ4djQ4SDB6Ii8+PC9tYXNrPjxnIG1hc2s9InVybCgjYSkiPjxwYXRoIGZpbGw9IiMxQzFCMUYiIGQ9Ik0yNCA0NGMtMi44MzMgMC01LjQ2Ny0uNTA4LTcuOS0xLjUyNS0yLjQzMy0xLjAxNy00LjU1LTIuNDI1LTYuMzUtNC4yMjUtMS44LTEuOC0zLjIwOC0zLjkxNy00LjIyNS02LjM1QzQuNTA4IDI5LjQ2NyA0IDI2LjgzMyA0IDI0YzAtMi44LjUwOC01LjQxNyAxLjUyNS03Ljg1UzcuOTUgMTEuNiA5Ljc1IDkuOGMxLjgtMS44IDMuOTE3LTMuMjE3IDYuMzUtNC4yNVMyMS4xNjcgNCAyNCA0YzIuNSAwIDQuODMzLjQgNyAxLjIgMi4xNjcuOCA0LjExNyAxLjkgNS44NSAzLjNsLTIuMTUgMi4xNWExNi43MzIgMTYuNzMyIDAgMCAwLTQuOS0yLjdDMjggNy4zMTcgMjYuMDY3IDcgMjQgN2MtNC44MzMgMC04Ljg3NSAxLjYyNS0xMi4xMjUgNC44NzVTNyAxOS4xNjcgNyAyNHMxLjYyNSA4Ljg3NSA0Ljg3NSAxMi4xMjVTMTkuMTY3IDQxIDI0IDQxczguODc1LTEuNjI1IDEyLjEyNS00Ljg3NVM0MSAyOC44MzMgNDEgMjRjMC0xLS4wNzUtMS45NzUtLjIyNS0yLjkyNS0uMTUtLjk1LS4zNzUtMS44NzUtLjY3NS0yLjc3NWwyLjMtMi4zYTE5LjEyMiAxOS4xMjIgMCAwIDEgMS4yIDMuODVjLjI2NyAxLjMzMy40IDIuNzE3LjQgNC4xNSAwIDIuODMzLS41MTcgNS40NjctMS41NSA3LjktMS4wMzMgMi40MzMtMi40NSA0LjU1LTQuMjUgNi4zNS0xLjggMS44LTMuOTE3IDMuMjA4LTYuMzUgNC4yMjVDMjkuNDE3IDQzLjQ5MiAyNi44IDQ0IDI0IDQ0Wm0tMi45NS0xMC45LTguMjUtOC4zIDIuMjUtMi4yNSA2IDYgMjAuNy0yMC43IDIuMyAyLjI1LTIzIDIzWiIvPjwvZz48L3N2Zz4=\" alt=\"\" style=\"object-fit:cover\"\/><\/figure>\n\n\n\n<div class=\"wp-block-group wp-container-content-958eb9dc has-global-padding is-layout-constrained wp-block-group-is-layout-constrained\">\n<h3 class=\"wp-block-heading\" style=\"font-size:clamp(14px, 0.875rem + ((1vw - 3.2px) * 0.625), 20px);line-height:1.5\">Usaldusv\u00e4\u00e4rne Koduloomade Transport<\/h3>\n\n\n\n<p class=\"has-small-font-size\" style=\"margin-top:4px\">Pakume turvalist ja mugavat transporti kassidele ja koertele, tagades nende heaolu kogu teekonna v\u00e4ltel.<\/p>\n<\/div>\n<\/div>\n\n\n\n<div class=\"wp-block-group is-nowrap is-layout-flex wp-container-core-group-is-layout-501511a6 wp-block-group-is-layout-flex\">\n<figure class=\"wp-block-image size-large ext-aspect-landscape wp-duotone-primary-foreground\"><img decoding=\"async\" src=\"data:image\/svg+xml;base64,PHN2ZyB4bWxucz0iaHR0cDovL3d3dy53My5vcmcvMjAwMC9zdmciIHdpZHRoPSI0OCIgaGVpZ2h0PSI0OCIgZmlsbD0ibm9uZSIgdmlld0JveD0iMCAwIDQ4IDQ4Ij48bWFzayBpZD0iYSIgd2lkdGg9IjQ4IiBoZWlnaHQ9IjQ4IiB4PSIwIiB5PSIwIiBtYXNrVW5pdHM9InVzZXJTcGFjZU9uVXNlIiBzdHlsZT0ibWFzay10eXBlOmFscGhhIj48cGF0aCBmaWxsPSIjRDlEOUQ5IiBkPSJNMCAwaDQ4djQ4SDB6Ii8+PC9tYXNrPjxnIG1hc2s9InVybCgjYSkiPjxwYXRoIGZpbGw9IiMxQzFCMUYiIGQ9Ik0yNCA0NGMtMi44MzMgMC01LjQ2Ny0uNTA4LTcuOS0xLjUyNS0yLjQzMy0xLjAxNy00LjU1LTIuNDI1LTYuMzUtNC4yMjUtMS44LTEuOC0zLjIwOC0zLjkxNy00LjIyNS02LjM1QzQuNTA4IDI5LjQ2NyA0IDI2LjgzMyA0IDI0YzAtMi44LjUwOC01LjQxNyAxLjUyNS03Ljg1UzcuOTUgMTEuNiA5Ljc1IDkuOGMxLjgtMS44IDMuOTE3LTMuMjE3IDYuMzUtNC4yNVMyMS4xNjcgNCAyNCA0YzIuNSAwIDQuODMzLjQgNyAxLjIgMi4xNjcuOCA0LjExNyAxLjkgNS44NSAzLjNsLTIuMTUgMi4xNWExNi43MzIgMTYuNzMyIDAgMCAwLTQuOS0yLjdDMjggNy4zMTcgMjYuMDY3IDcgMjQgN2MtNC44MzMgMC04Ljg3NSAxLjYyNS0xMi4xMjUgNC44NzVTNyAxOS4xNjcgNyAyNHMxLjYyNSA4Ljg3NSA0Ljg3NSAxMi4xMjVTMTkuMTY3IDQxIDI0IDQxczguODc1LTEuNjI1IDEyLjEyNS00Ljg3NVM0MSAyOC44MzMgNDEgMjRjMC0xLS4wNzUtMS45NzUtLjIyNS0yLjkyNS0uMTUtLjk1LS4zNzUtMS44NzUtLjY3NS0yLjc3NWwyLjMtMi4zYTE5LjEyMiAxOS4xMjIgMCAwIDEgMS4yIDMuODVjLjI2NyAxLjMzMy40IDIuNzE3LjQgNC4xNSAwIDIuODMzLS41MTcgNS40NjctMS41NSA3LjktMS4wMzMgMi40MzMtMi40NSA0LjU1LTQuMjUgNi4zNS0xLjggMS44LTMuOTE3IDMuMjA4LTYuMzUgNC4yMjVDMjkuNDE3IDQzLjQ5MiAyNi44IDQ0IDI0IDQ0Wm0tMi45NS0xMC45LTguMjUtOC4zIDIuMjUtMi4yNSA2IDYgMjAuNy0yMC43IDIuMyAyLjI1LTIzIDIzWiIvPjwvZz48L3N2Zz4=\" alt=\"\" style=\"object-fit:cover\"\/><\/figure>\n\n\n\n<div class=\"wp-block-group wp-container-content-958eb9dc has-global-padding is-layout-constrained wp-block-group-is-layout-constrained\">\n<h3 class=\"wp-block-heading\" style=\"font-size:clamp(14px, 0.875rem + ((1vw - 3.2px) * 0.625), 20px);line-height:1.5\">Varjupaiga Tugiteenused<\/h3>\n\n\n\n<p class=\"has-small-font-size\" style=\"margin-top:4px\">Me teeme koost\u00f6\u00f6d Ukrainas, Lutskist l\u00e4hedal asuva loomade varjupaigaga Mokryi Nosyk, et aidata neil leida loomadele uusi kodusid ja parandada varjupaiga tingimusi. Samuti toetame piirkonnas kastreerimis- ja steriliseerimisprojekte.<\/p>\n<\/div>\n<\/div>\n<\/div>\n<\/div>\n\n\n\n<div class=\"wp-block-group alignfull has-tertiary-background-color has-background has-global-padding is-layout-constrained wp-container-core-group-is-layout-7276a2bb wp-block-group-is-layout-constrained\" style=\"margin-top:0;margin-bottom:0;padding-top:var(--wp--preset--spacing--60);padding-right:var(--wp--preset--spacing--30);padding-bottom:var(--wp--preset--spacing--60);padding-left:var(--wp--preset--spacing--30)\">\n<div class=\"wp-block-group alignwide has-global-padding is-content-justification-center is-layout-constrained wp-block-group-is-layout-constrained\">\n<h2 class=\"wp-block-heading has-text-align-center has-large-font-size\" id=\"our-process\">Meie transpordiprotsess<\/h2>\n\n\n\n<p class=\"has-text-align-center\" style=\"margin-top:16px\"><\/p>\n<\/div>\n\n\n\n<div class=\"wp-block-columns alignwide is-layout-flex wp-container-core-columns-is-layout-30cd009e wp-block-columns-is-layout-flex\">\n<div class=\"wp-block-column is-vertically-aligned-stretch is-layout-flow wp-block-column-is-layout-flow\">\n<div class=\"wp-block-group has-background-background-color has-background has-global-padding is-layout-constrained wp-container-core-group-is-layout-f90d3be4 wp-block-group-is-layout-constrained\" style=\"border-radius:1rem;min-height:100%;padding-top:var(--wp--preset--spacing--40);padding-right:var(--wp--preset--spacing--30);padding-bottom:var(--wp--preset--spacing--40);padding-left:var(--wp--preset--spacing--30)\">\n<figure class=\"wp-block-image aligncenter size-large wp-duotone-varpresetduotonesecondary-and-primary-1\"><img decoding=\"async\" src=\"data:image\/svg+xml;base64,PHN2ZyB4bWxucz0iaHR0cDovL3d3dy53My5vcmcvMjAwMC9zdmciIGhlaWdodD0iNDhweCIgdmlld0JveD0iMCAtOTYwIDk2MCA5NjAiIHdpZHRoPSI0OHB4IiBmaWxsPSIjMjcyNzI3Ij48cGF0aCBkPSJNMTQwLTE2MHEtMjQgMC00Mi0xOHQtMTgtNDJ2LTE2OWg2MHYxNjloNjgwdi01MjBIMTQwdjE3MUg4MHYtMTcxcTAtMjQgMTgtNDJ0NDItMThoNjgwcTI0IDAgNDIgMTh0MTggNDJ2NTIwcTAgMjQtMTggNDJ0LTQyIDE4SDE0MFptMzE5LTE0My00My00MyAxMDMtMTAzSDgwdi02MGg0MzlMNDE2LTYxMmw0My00MyAxNzYgMTc2LTE3NiAxNzZaIi8+PC9zdmc+\" alt=\"\"\/><\/figure>\n\n\n\n<h3 class=\"wp-block-heading has-text-align-center\" style=\"margin-top:24px;font-size:clamp(14px, 0.875rem + ((1vw - 3.2px) * 0.625), 20px);line-height:1.5\">1. samm \u2013 Esmane kontakt<\/h3>\n\n\n\n<p class=\"has-text-align-center has-small-font-size\" style=\"margin-top:8px\">V\u00f5ta meiega \u00fchendust ja r\u00e4\u00e4gi oma lemmiku transpordivajadustest.<br>Arutame marsruuti, ajakava ja v\u00f5imalike erisoove, et leida just teie olukorrale parim lahendus.<\/p>\n<\/div>\n<\/div>\n\n\n\n<div class=\"wp-block-column is-vertically-aligned-stretch is-layout-flow wp-block-column-is-layout-flow\">\n<div class=\"wp-block-group has-background-background-color has-background has-global-padding is-layout-constrained wp-container-core-group-is-layout-f90d3be4 wp-block-group-is-layout-constrained\" style=\"border-radius:1rem;min-height:100%;padding-top:var(--wp--preset--spacing--40);padding-right:var(--wp--preset--spacing--30);padding-bottom:var(--wp--preset--spacing--40);padding-left:var(--wp--preset--spacing--30)\">\n<figure class=\"wp-block-image aligncenter size-large wp-duotone-varpresetduotonesecondary-and-primary-2\"><img decoding=\"async\" src=\"data:image\/svg+xml;base64,PHN2ZyB4bWxucz0iaHR0cDovL3d3dy53My5vcmcvMjAwMC9zdmciIGhlaWdodD0iNDhweCIgdmlld0JveD0iMCAtOTYwIDk2MCA5NjAiIHdpZHRoPSI0OHB4IiBmaWxsPSIjMjcyNzI3Ij48cGF0aCBkPSJNMjMwLTEyMHEtNjMgMC0xMDYuNS00My41VDgwLTI3MHEwLTYzIDQzLjUtMTA2LjVUMjMwLTQyMHE2MyAwIDEwNi41IDQzLjVUMzgwLTI3MHEwIDYzLTQzLjUgMTA2LjVUMjMwLTEyMFptNTAxIDBxLTYzIDAtMTA2LjUtNDMuNVQ1ODEtMjcwcTAtNjMgNDMuNS0xMDYuNVQ3MzEtNDIwcTYzIDAgMTA2LjUgNDMuNVQ4ODEtMjcwcTAgNjMtNDMuNSAxMDYuNVQ3MzEtMTIwWm0tNTAxLjA5LTYwcTM3LjA5IDAgNjMuNTktMjYuNDF0MjYuNS02My41cTAtMzcuMDktMjYuNDEtNjMuNTl0LTYzLjUtMjYuNXEtMzcuMDkgMC02My41OSAyNi40MXQtMjYuNSA2My41cTAgMzcuMDkgMjYuNDEgNjMuNTl0NjMuNSAyNi41Wm01MDEgMHEzNy4wOSAwIDYzLjU5LTI2LjQxdDI2LjUtNjMuNXEwLTM3LjA5LTI2LjQxLTYzLjU5dC02My41LTI2LjVxLTM3LjA5IDAtNjMuNTkgMjYuNDF0LTI2LjUgNjMuNXEwIDM3LjA5IDI2LjQxIDYzLjU5dDYzLjUgMjYuNVpNNDgxLTU0MXEtNjMgMC0xMDYuNS00My41VDMzMS02OTFxMC02MyA0My41LTEwNi41VDQ4MS04NDFxNjMgMCAxMDYuNSA0My41VDYzMS02OTFxMCA2My00My41IDEwNi41VDQ4MS01NDFabS0uMDktNjBxMzcuMDkgMCA2My41OS0yNi40MXQyNi41LTYzLjVxMC0zNy4wOS0yNi40MS02My41OXQtNjMuNS0yNi41cS0zNy4wOSAwLTYzLjU5IDI2LjQxdC0yNi41IDYzLjVxMCAzNy4wOSAyNi40MSA2My41OXQ2My41IDI2LjVabS4wOS05MFptMjUwIDQyMVptLTUwMSAwWiIvPjwvc3ZnPg==\" alt=\"\"\/><\/figure>\n\n\n\n<h3 class=\"wp-block-heading has-text-align-center\" style=\"margin-top:24px;font-size:clamp(14px, 0.875rem + ((1vw - 3.2px) * 0.625), 20px);line-height:1.5\">2. samm: Korraldus ja planeerimine<\/h3>\n\n\n\n<p class=\"has-text-align-center has-small-font-size\" style=\"margin-top:8px\">Koostame turvalise ja mugava teekonna ning aitame vajalike dokumentide ja logistika korraldamisel.<br>V\u00f5imaluse korral planeerime mitme looma transpordi korraga, et muuta teenus soodsamaks ja keskkonnas\u00f5bralikumaks.<\/p>\n\n\n\n<p class=\"has-text-align-center has-small-font-size\" style=\"margin-top:8px\"><\/p>\n<\/div>\n<\/div>\n\n\n\n<div class=\"wp-block-column is-vertically-aligned-stretch is-layout-flow wp-block-column-is-layout-flow\">\n<div class=\"wp-block-group has-background-background-color has-background has-global-padding is-layout-constrained wp-container-core-group-is-layout-f90d3be4 wp-block-group-is-layout-constrained\" style=\"border-radius:1rem;min-height:100%;padding-top:var(--wp--preset--spacing--40);padding-right:var(--wp--preset--spacing--30);padding-bottom:var(--wp--preset--spacing--40);padding-left:var(--wp--preset--spacing--30)\">\n<div class=\"wp-block-group has-global-padding is-layout-constrained wp-block-group-is-layout-constrained\">\n<figure class=\"wp-block-image aligncenter size-large wp-duotone-varpresetduotonesecondary-and-primary-3\"><img decoding=\"async\" src=\"data:image\/svg+xml;base64,PHN2ZyB4bWxucz0iaHR0cDovL3d3dy53My5vcmcvMjAwMC9zdmciIGhlaWdodD0iNDhweCIgdmlld0JveD0iMCAtOTYwIDk2MCA5NjAiIHdpZHRoPSI0OHB4IiBmaWxsPSIjMjcyNzI3Ij48cGF0aCBkPSJNNDgwLTgwcS04NSAwLTE1OC0zMC41VDE5NS0xOTVxLTU0LTU0LTg0LjUtMTI3VDgwLTQ4MHEwLTg0IDMwLjUtMTU3VDE5NS03NjRxNTQtNTQgMTI3LTg1dDE1OC0zMXE3NSAwIDE0MCAyNHQxMTcgNjZsLTQzIDQzcS00NC0zNS05OC01NHQtMTE2LTE5cS0xNDUgMC0yNDIuNSA5Ny41VDE0MC00ODBxMCAxNDUgOTcuNSAyNDIuNVQ0ODAtMTQwcTE0NSAwIDI0Mi41LTk3LjVUODIwLTQ4MHEwLTMwLTQuNS01OC41VDgwMi01OTRsNDYtNDZxMTYgMzcgMjQgNzd0OCA4M3EwIDg1LTMxIDE1OHQtODUgMTI3cS01NCA1NC0xMjcgODQuNVQ0ODAtODBabS01OS0yMThMMjU2LTQ2NGw0NS00NSAxMjAgMTIwIDQxNC00MTQgNDYgNDUtNDYwIDQ2MFoiLz48L3N2Zz4=\" alt=\"\"\/><\/figure>\n\n\n\n<h3 class=\"wp-block-heading has-text-align-center\" style=\"margin-top:24px;font-size:clamp(14px, 0.875rem + ((1vw - 3.2px) * 0.625), 20px);line-height:1.5\">3. samm: Transport, saabumine ja tugi<\/h3>\n\n\n\n<p class=\"has-text-align-center has-small-font-size\" style=\"margin-top:8px\">Kokkulepitud p\u00e4eval v\u00f5tame looma peale, hoolitseme tema eest teekonna jooksul ning viime ta turvaliselt sihtkohta \u2013 (uue) pere juurde.<br>Hoiame sind kursis teekonna olulisemate hetkede ja saabumisega, et tunneksid end kindlalt kogu protsessi v\u00e4ltel.<\/p>\n\n\n\n<p class=\"has-text-align-center has-small-font-size\" style=\"margin-top:8px\"><\/p>\n<\/div>\n<\/div>\n<\/div>\n<\/div>\n<\/div>\n\n\n\n<div class=\"wp-block-cover alignwide is-light\" style=\"border-radius:1rem\"><img loading=\"lazy\" decoding=\"async\" width=\"1024\" height=\"764\" class=\"wp-block-cover__image-background wp-image-141 size-large\" alt=\"relocating Ukrainina shelter animals from Mokryi Nosyk animal shelter.\" src=\"https:\/\/pawway.org\/wp-content\/uploads\/2025\/10\/IMG_20250827_125254_HDR-1024x764.jpg\" data-object-fit=\"cover\" srcset=\"https:\/\/pawway.org\/wp-content\/uploads\/2025\/10\/IMG_20250827_125254_HDR-1024x764.jpg 1024w, https:\/\/pawway.org\/wp-content\/uploads\/2025\/10\/IMG_20250827_125254_HDR-scaled-600x447.jpg 600w, https:\/\/pawway.org\/wp-content\/uploads\/2025\/10\/IMG_20250827_125254_HDR-300x224.jpg 300w, https:\/\/pawway.org\/wp-content\/uploads\/2025\/10\/IMG_20250827_125254_HDR-768x573.jpg 768w, https:\/\/pawway.org\/wp-content\/uploads\/2025\/10\/IMG_20250827_125254_HDR-1536x1146.jpg 1536w, https:\/\/pawway.org\/wp-content\/uploads\/2025\/10\/IMG_20250827_125254_HDR-2048x1527.jpg 2048w\" sizes=\"auto, (max-width: 1024px) 100vw, 1024px\" \/><span aria-hidden=\"true\" class=\"wp-block-cover__background has-background-dim-0 has-background-dim\" style=\"background-color:#8f8b7a\"><\/span><div class=\"wp-block-cover__inner-container is-layout-flow wp-block-cover-is-layout-flow\">\n<div style=\"height:380px\" aria-hidden=\"true\" class=\"wp-block-spacer\"><\/div>\n<\/div><\/div>\n<\/div>\n\n\n\n<div class=\"wp-block-group alignfull has-background-background-color has-background has-global-padding is-layout-constrained wp-container-core-group-is-layout-7276a2bb wp-block-group-is-layout-constrained\" id=\"faq\" style=\"margin-top:0;margin-bottom:0;padding-top:var(--wp--preset--spacing--60);padding-right:var(--wp--preset--spacing--30);padding-bottom:var(--wp--preset--spacing--60);padding-left:var(--wp--preset--spacing--30)\">\n<div class=\"wp-block-columns alignwide is-layout-flex wp-container-core-columns-is-layout-714d85e9 wp-block-columns-is-layout-flex\">\n<div class=\"wp-block-column is-layout-flow wp-block-column-is-layout-flow\" style=\"flex-basis:33.33%\">\n<h2 class=\"wp-block-heading\" id=\"faq\">Korduvad K\u00fcsimused<\/h2>\n\n\n\n<p style=\"margin-top:16px\">Korduma kippuvad k\u00fcsimused lemmikloomade transpordi ja varjupaikade toetamise kohta. <\/p>\n<\/div>\n\n\n\n<div class=\"wp-block-column is-layout-flow wp-container-core-column-is-layout-f5bb311e wp-block-column-is-layout-flow\" style=\"flex-basis:66.66%\">\n<div class=\"wp-block-group has-tertiary-background-color has-background is-layout-flow wp-block-group-is-layout-flow\" style=\"border-radius:1rem;padding-top:var(--wp--preset--spacing--30);padding-right:var(--wp--preset--spacing--30);padding-bottom:var(--wp--preset--spacing--30);padding-left:var(--wp--preset--spacing--30)\">\n<h3 class=\"wp-block-heading has-medium-font-size\">How does PawWay NGO ensure pet safety during transport?<\/h3>\n\n\n\n<p class=\"has-small-font-size\" style=\"margin-top:12px\">Kasutame spetsiaalselt kohandatud s\u00f5idukit ja \u00f5igetes m\u00f5\u00f5tudes transpordikaste, et tagada igale loomale turvaline ja mugav teekond. <\/p>\n\n\n\n<p class=\"has-small-font-size\" style=\"margin-top:12px\">Lemmikloomade transpordialal m\u00f5\u00f5detakse ja salvestatakse temperatuuri elektrooniliselt ning kui see peaks minema \u00fcle v\u00f5i alla turvalise piiri, saab juht hoiatussignaali.<\/p>\n\n\n\n<p class=\"has-small-font-size\" style=\"margin-top:12px\">Pikemate s\u00f5itude ajal teeb juht regulaarselt iga paari tunni j\u00e4rel peatusi, et kontrollida loomade seisukorda, puhastada nende transpordikaste, jalutada neid ning anda vett ja vajadusel toitu. <br><\/p>\n<\/div>\n\n\n\n<div class=\"wp-block-group has-tertiary-background-color has-background is-layout-flow wp-block-group-is-layout-flow\" style=\"border-radius:1rem;padding-top:var(--wp--preset--spacing--30);padding-right:var(--wp--preset--spacing--30);padding-bottom:var(--wp--preset--spacing--30);padding-left:var(--wp--preset--spacing--30)\">\n<h4 class=\"wp-block-heading has-medium-font-size\">Mis piirkondades me loomi transpordime?<\/h4>\n\n\n\n<p class=\"has-small-font-size\" style=\"margin-top:12px\">We are based in Estonia and do regular drives through the Baltic Contries, Finland and Poland. <br>Kui vajad oma kassile v\u00f5i koerale transporti ja oled kuup\u00e4eva osas paindlik, teeme oma parima, et kombineerida sinu lemmiku transport teiste loomade s\u00f5itudega ja muuta teenus taskukohasemaks.<\/p>\n<\/div>\n\n\n\n<div class=\"wp-block-group has-tertiary-background-color has-background is-layout-flow wp-block-group-is-layout-flow\" style=\"border-radius:1rem;padding-top:var(--wp--preset--spacing--30);padding-right:var(--wp--preset--spacing--30);padding-bottom:var(--wp--preset--spacing--30);padding-left:var(--wp--preset--spacing--30)\">\n<h4 class=\"wp-block-heading has-medium-font-size\">Kas te pakute lemmikloomade transporti loomade varjupaikadele?<\/h4>\n\n\n\n<p class=\"has-small-font-size\" style=\"margin-top:12px\">Oleme r\u00f5\u00f5muga valmis toetama loomade varjupaiku, pakkudes neile taskukohast lemmikloomade transporti.<\/p>\n\n\n\n<p class=\"has-small-font-size\" style=\"margin-top:12px\">Oleme avatud koost\u00f6\u00f6le uute varjupaikadega lemmikloomade transpordi korraldamisel. Kahjuks ei saa me aidata uute kodude leidmisel. Vastavalt meie p\u00f5him\u00f5tetele teeme koost\u00f6\u00f6d ainult varjupaikadega, kus loomad kastreeritakse ja steriliseeritakse neile sobivas vanuses.<\/p>\n<\/div>\n\n\n\n<div class=\"wp-block-group has-tertiary-background-color has-background is-layout-flow wp-block-group-is-layout-flow\" style=\"border-radius:1rem;padding-top:var(--wp--preset--spacing--30);padding-right:var(--wp--preset--spacing--30);padding-bottom:var(--wp--preset--spacing--30);padding-left:var(--wp--preset--spacing--30)\">\n<h4 class=\"wp-block-heading has-medium-font-size\">Milliseid loomi te transpordite?<\/h4>\n\n\n\n<p class=\"has-small-font-size\" style=\"margin-top:12px\">Pakume transporditeenust kassidele ja koertele. Rahvusvaheliseks transpordiks peavad k\u00f5igil loomadel olema kehtivad vaktsiinid, mikrokiip ja lemmikloomapass.  <\/p>\n<\/div>\n<\/div>\n<\/div>\n<\/div>","protected":false},"excerpt":{"rendered":"<p>Our Mission We are dedicated to providing safe pet relocation services. We also run projects to enhance animal welfare in Europe. Check out our Fundraising Shop: Reliable Pet Transportation We provide secure and comfortable transport for cats and dogs, ensuring their well-being throughout every journey. Shelter Support Services We collaborate with Mokryi Nosyk, an animal [&hellip;]<\/p>\n","protected":false},"author":1,"featured_media":0,"parent":0,"menu_order":0,"comment_status":"closed","ping_status":"closed","template":"page-with-title","meta":{"_acf_changed":false,"give_campaign_id":0,"om_disable_all_campaigns":false,"_monsterinsights_skip_tracking":false,"_monsterinsights_sitenote_active":false,"_monsterinsights_sitenote_note":"","_monsterinsights_sitenote_category":0,"footnotes":""},"class_list":["post-34","page","type-page","status-publish","hentry"],"acf":[],"aioseo_notices":[],"campaignId":"","jetpack_sharing_enabled":true,"_links":{"self":[{"href":"https:\/\/pawway.org\/et\/wp-json\/wp\/v2\/pages\/34","targetHints":{"allow":["GET"]}}],"collection":[{"href":"https:\/\/pawway.org\/et\/wp-json\/wp\/v2\/pages"}],"about":[{"href":"https:\/\/pawway.org\/et\/wp-json\/wp\/v2\/types\/page"}],"author":[{"embeddable":true,"href":"https:\/\/pawway.org\/et\/wp-json\/wp\/v2\/users\/1"}],"replies":[{"embeddable":true,"href":"https:\/\/pawway.org\/et\/wp-json\/wp\/v2\/comments?post=34"}],"version-history":[{"count":26,"href":"https:\/\/pawway.org\/et\/wp-json\/wp\/v2\/pages\/34\/revisions"}],"predecessor-version":[{"id":500,"href":"https:\/\/pawway.org\/et\/wp-json\/wp\/v2\/pages\/34\/revisions\/500"}],"wp:attachment":[{"href":"https:\/\/pawway.org\/et\/wp-json\/wp\/v2\/media?parent=34"}],"curies":[{"name":"wp","href":"https:\/\/api.w.org\/{rel}","templated":true}]}}